{"id":5580,"date":"2019-03-06T13:06:38","date_gmt":"2019-03-06T11:06:38","guid":{"rendered":"https:\/\/www.ecolare.ee\/?page_id=5580"},"modified":"2019-03-06T18:15:23","modified_gmt":"2019-03-06T16:15:23","slug":"portaat","status":"publish","type":"page","link":"https:\/\/www.ecolare.ee\/fi\/portaat\/","title":{"rendered":"Portaat"},"content":{"rendered":"<div class=\"wpb-content-wrapper\"><p>[vc_row css=&#8221;.vc_custom_1550640309947{background-color: #ffffff !important;}&#8221; el_class=&#8221;project&#8221;][vc_column][vc_column_text el_class=&#8221;eco-page-title&#8221;]<\/p>\n<h1>Portaat<\/h1>\n<p>[\/vc_column_text][vc_row_inner][vc_column_inner width=&#8221;2\/3&#8243;][vc_column_text]Ter\u00e4srakenteiset portaat suunnitellaan yksil\u00f6llisesti kuhunkin kohteeseen.<\/p>\n<p>Ter\u00e4sosat voi valita ruostumattomasta ter\u00e4ksesta tai ne voidaan pulverimaalata haluttuun RAL-s\u00e4vyyn.<\/p>\n<p>Askelmat voivat olla puuta tai lasia. Puuosat on mahdollista valita useasta eri puulajista ja petsaamaalla ne voidaan s\u00e4vytt\u00e4\u00e4 haluttuun s\u00e4vyyn ennen lakkausta.<\/p>\n<p>Lasiosat tai lasiaskelmat voidaan valita useista eri lasis\u00e4vyist\u00e4.[\/vc_column_text][\/vc_column_inner][vc_column_inner width=&#8221;1\/3&#8243;][vc_column_text]<\/p>\n<p style=\"text-align: center;\"><a class=\"button ask-more\" href=\"#contact\">Pyyd\u00e4 tarjous!<\/a><\/p>\n<p>[\/vc_column_text][\/vc_column_inner][\/vc_row_inner][\/vc_column][\/vc_row][vc_row el_class=&#8221;separator-row&#8221;][vc_column width=&#8221;1\/3&#8243;][\/vc_column][vc_column width=&#8221;2\/3&#8243;][vc_separator color=&#8221;white&#8221; style=&#8221;double&#8221;][\/vc_column][\/vc_row][vc_row css=&#8221;.vc_custom_1550640273353{background-color: rgba(255,255,255,0.81) !important;*background-color: rgb(255,255,255) !important;}&#8221;][vc_column][vc_column_text]<\/p>\n<h2>Portfolio-kuvat<\/h2>\n<div class=\"rl-gallery-container rl-loading\" id=\"rl-gallery-container-1\" data-gallery_id=\"4785\"> <div class=\"rl-gallery rl-basicgrid-gallery rl-hover-effect-5 rl-hover-icon-2\" id=\"rl-gallery-1\" data-gallery_no=\"1\"> <div class=\"rl-gallery-item\"><a href=\"https:\/\/www.ecolare.ee\/wp-content\/uploads\/2019\/01\/Platvormiga-eramu-trepp-900x1200.jpg\" title=\"\" data-rl_title=\"\" class=\"rl-gallery-link\" data-rl_caption=\"\" data-rel=\"lightbox-gallery-1\"><img decoding=\"async\" src=\"https:\/\/www.ecolare.ee\/wp-content\/uploads\/2019\/01\/Platvormiga-eramu-trepp-750x1000.jpg\" width=\"750\" height=\"1000\" alt=\"\" \/><span class=\"rl-gallery-caption\"><span class=\"rl-gallery-item-title\">Eramu trepp<\/span><\/span><\/a><\/div><div class=\"rl-gallery-item\"><a href=\"https:\/\/www.ecolare.ee\/wp-content\/uploads\/2019\/01\/trepp-new-up-2-1800x1197.jpg\" title=\"\" data-rl_title=\"\" class=\"rl-gallery-link\" data-rl_caption=\"\" data-rel=\"lightbox-gallery-1\"><img decoding=\"async\" src=\"https:\/\/www.ecolare.ee\/wp-content\/uploads\/2019\/01\/trepp-new-up-2-1504x1000.jpg\" width=\"1504\" height=\"1000\" alt=\"\" \/><span class=\"rl-gallery-caption\"><span class=\"rl-gallery-item-title\">Eramu trepp Soomes<\/span><\/span><\/a><\/div><div class=\"rl-gallery-item\"><a href=\"https:\/\/www.ecolare.ee\/wp-content\/uploads\/2013\/12\/P9060012-768x1024.jpg\" title=\"\" data-rl_title=\"\" class=\"rl-gallery-link\" data-rl_caption=\"\" data-rel=\"lightbox-gallery-1\"><img decoding=\"async\" src=\"https:\/\/www.ecolare.ee\/wp-content\/uploads\/2013\/12\/P9060012.jpg\" width=\"2448\" height=\"3264\" alt=\"\" \/><span class=\"rl-gallery-caption\"><span class=\"rl-gallery-item-title\">Vene Teater Tallinnas<\/span><\/span><\/a><\/div><div class=\"rl-gallery-item\"><a href=\"https:\/\/www.ecolare.ee\/wp-content\/uploads\/2019\/01\/trepp-new-4.jpg\" title=\"\" data-rl_title=\"\" class=\"rl-gallery-link\" data-rl_caption=\"\" data-rel=\"lightbox-gallery-1\"><img decoding=\"async\" src=\"https:\/\/www.ecolare.ee\/wp-content\/uploads\/2019\/01\/trepp-new-4.jpg\" width=\"768\" height=\"882\" alt=\"\" \/><span class=\"rl-gallery-caption\"><span class=\"rl-gallery-item-title\">Metalltrepp \u00e4rihoones<\/span><\/span><\/a><\/div><div class=\"rl-gallery-item\"><a href=\"https:\/\/www.ecolare.ee\/wp-content\/uploads\/2019\/01\/trepp-new-5.jpg\" title=\"\" data-rl_title=\"\" class=\"rl-gallery-link\" data-rl_caption=\"\" data-rel=\"lightbox-gallery-1\"><img decoding=\"async\" src=\"https:\/\/www.ecolare.ee\/wp-content\/uploads\/2019\/01\/trepp-new-5.jpg\" width=\"680\" height=\"904\" alt=\"\" \/><span class=\"rl-gallery-caption\"><span class=\"rl-gallery-item-title\">Klaaspiirdega trepp<\/span><\/span><\/a><\/div><div class=\"rl-gallery-item\"><a href=\"https:\/\/www.ecolare.ee\/wp-content\/uploads\/2013\/12\/\u0424\u043e\u0442\u043e0109-1600x1200.jpg\" title=\"\" data-rl_title=\"\" class=\"rl-gallery-link\" data-rl_caption=\"\" data-rel=\"lightbox-gallery-1\"><img decoding=\"async\" src=\"https:\/\/www.ecolare.ee\/wp-content\/uploads\/2013\/12\/\u0424\u043e\u0442\u043e0109-1333x1000.jpg\" width=\"1333\" height=\"1000\" alt=\"\" \/><span class=\"rl-gallery-caption\"><span class=\"rl-gallery-item-title\">Keerdtrepp Vihula m\u00f5isas<\/span><\/span><\/a><\/div><div class=\"rl-gallery-item\"><a href=\"https:\/\/www.ecolare.ee\/wp-content\/uploads\/2013\/12\/P7260010-900x1200.jpg\" title=\"\" data-rl_title=\"\" class=\"rl-gallery-link\" data-rl_caption=\"\" data-rel=\"lightbox-gallery-1\"><img decoding=\"async\" src=\"https:\/\/www.ecolare.ee\/wp-content\/uploads\/2013\/12\/P7260010-750x1000.jpg\" width=\"750\" height=\"1000\" alt=\"\" \/><span class=\"rl-gallery-caption\"><span class=\"rl-gallery-item-title\">Puitastmetega keerdtrepp<\/span><\/span><\/a><\/div><div class=\"rl-gallery-item\"><a href=\"https:\/\/www.ecolare.ee\/wp-content\/uploads\/2013\/12\/P1270010-s-900x1200.jpg\" title=\"\" data-rl_title=\"\" class=\"rl-gallery-link\" data-rl_caption=\"\" data-rel=\"lightbox-gallery-1\"><img decoding=\"async\" src=\"https:\/\/www.ecolare.ee\/wp-content\/uploads\/2013\/12\/P1270010-s-750x1000.jpg\" width=\"750\" height=\"1000\" alt=\"\" \/><span class=\"rl-gallery-caption\"><span class=\"rl-gallery-item-title\">\u00dchetala trepp<\/span><\/span><\/a><\/div><div class=\"rl-gallery-item\"><a href=\"https:\/\/www.ecolare.ee\/wp-content\/uploads\/2013\/12\/DSC_0419-1024x680.jpg\" title=\"\" data-rl_title=\"\" class=\"rl-gallery-link\" data-rl_caption=\"\" data-rel=\"lightbox-gallery-1\"><img decoding=\"async\" src=\"https:\/\/www.ecolare.ee\/wp-content\/uploads\/2013\/12\/DSC_0419.jpg\" width=\"3008\" height=\"2000\" alt=\"\" \/><span class=\"rl-gallery-caption\"><span class=\"rl-gallery-item-title\">Metalltrepp<\/span><\/span><\/a><\/div><div class=\"rl-gallery-item\"><a href=\"https:\/\/www.ecolare.ee\/wp-content\/uploads\/2013\/12\/DSC_0366-680x1024.jpg\" title=\"\" data-rl_title=\"\" class=\"rl-gallery-link\" data-rl_caption=\"\" data-rel=\"lightbox-gallery-1\"><img decoding=\"async\" src=\"https:\/\/www.ecolare.ee\/wp-content\/uploads\/2013\/12\/DSC_0366.jpg\" width=\"2000\" height=\"3008\" alt=\"\" \/><span class=\"rl-gallery-caption\"><span class=\"rl-gallery-item-title\">\u00dchetala trepp Soomes<\/span><\/span><\/a><\/div> <\/div> <\/div>[\/vc_column_text][\/vc_column][\/vc_row]<\/p>\n<\/div>","protected":false},"excerpt":{"rendered":"<p>[vc_row css=&#8221;.vc_custom_1550640309947{background-color: #ffffff !important;}&#8221; el_class=&#8221;project&#8221;][vc_column][vc_column_text el_class=&#8221;eco-page-title&#8221;] Portaat [\/vc_column_text][vc_row_inner][vc_column_inner width=&#8221;2\/3&#8243;][vc_column_text]Ter\u00e4srakenteiset portaat suunnitellaan yksil\u00f6llisesti kuhunkin kohteeseen. Ter\u00e4sosat voi valita ruostumattomasta ter\u00e4ksesta tai ne voidaan pulverimaalata haluttuun RAL-s\u00e4vyyn&#8230;.<\/p>\n","protected":false},"author":2,"featured_media":0,"parent":0,"menu_order":10,"comment_status":"closed","ping_status":"closed","template":"","meta":{"footnotes":""},"class_list":["post-5580","page","type-page","status-publish","hentry"],"_links":{"self":[{"href":"https:\/\/www.ecolare.ee\/fi\/wp-json\/wp\/v2\/pages\/5580","targetHints":{"allow":["GET"]}}],"collection":[{"href":"https:\/\/www.ecolare.ee\/fi\/wp-json\/wp\/v2\/pages"}],"about":[{"href":"https:\/\/www.ecolare.ee\/fi\/wp-json\/wp\/v2\/types\/page"}],"author":[{"embeddable":true,"href":"https:\/\/www.ecolare.ee\/fi\/wp-json\/wp\/v2\/users\/2"}],"replies":[{"embeddable":true,"href":"https:\/\/www.ecolare.ee\/fi\/wp-json\/wp\/v2\/comments?post=5580"}],"version-history":[{"count":3,"href":"https:\/\/www.ecolare.ee\/fi\/wp-json\/wp\/v2\/pages\/5580\/revisions"}],"predecessor-version":[{"id":5623,"href":"https:\/\/www.ecolare.ee\/fi\/wp-json\/wp\/v2\/pages\/5580\/revisions\/5623"}],"wp:attachment":[{"href":"https:\/\/www.ecolare.ee\/fi\/wp-json\/wp\/v2\/media?parent=5580"}],"curies":[{"name":"wp","href":"https:\/\/api.w.org\/{rel}","templated":true}]}}